{"id":534,"date":"2016-07-11T13:54:46","date_gmt":"2016-07-11T11:54:46","guid":{"rendered":"http:\/\/sailwatersport.de\/?page_id=534"},"modified":"2025-01-14T10:31:20","modified_gmt":"2025-01-14T09:31:20","slug":"die-rubikon","status":"publish","type":"page","link":"https:\/\/sailwatersport.de\/wordpress\/die-rubikon\/","title":{"rendered":"SY Rubikon"},"content":{"rendered":"\n<p>Die Rubikon, eine Lagoon 400 S2, ist das Herzst\u00fcck unseres kleinen Vereins. Ein top ausgestatteter Katamaran,<br>mit allen m\u00f6glichen Komfort-, Vergn\u00fcgungs- und Sicherheitsausstattungen.<\/p>\n\n\n\n<p>Mit seinen Solarmodulen kommt es so gut wie nie zu einer Stromknappheit an Board. <br>Der Watermaker&nbsp;sorgt f\u00fcr S\u00fc\u00dfwasser in ausreichenden Mengen, so dass auch in abgelegenen Buchten noch die M\u00f6glichkeit zum Duschen besteht. F\u00fcr das perfekte Fr\u00fchst\u00fcck steht ein Brotbackautomat und eine Espresso Maschine zur Verf\u00fcgung.<br>Auch f\u00fcr kurzweiliges ist die Rubikon bestens ausgestattet. Mit unserem Subwing und dem gut motorisiertem Dinghi (5 Ps) l\u00e4sst sich immer eine Menge Spa\u00df haben.<\/p>\n\n\n\n<p>Kanu, SUP Board, Subwing, Tauchausr\u00fcstung mit 4 Flaschen, Kites in 2 Gr\u00f6\u00dfen, Schnorchelausr\u00fcstung, Automatikschwimmwesten auch f\u00fcr Kids, Gennaker, Code 0, Gelattetes SquareTop Gross, Radar, AIS Sender f\u00fcr Boot und Schwimmwesten, 2 Kartenplotter, Pad mit Navionics Karten als Backup uvm.<br><\/p>\n\n\n\n<h2 class=\"wp-block-heading\">Exterieur Rubikon<\/h2>\n\n\n\nngg_shortcode_0_placeholder\n\n\n\n<h2 class=\"wp-block-heading\">Interieur Rubikon<\/h2>\n\n\n\nngg_shortcode_1_placeholder\n\n\n\n<div style=\"height:100px\" aria-hidden=\"true\" class=\"wp-block-spacer\"><\/div>\n\n\n\n<div class=\"wp-block-columns is-layout-flex wp-container-core-columns-is-layout-1 wp-block-columns-is-layout-flex\">\n<div class=\"wp-block-column is-layout-flow wp-block-column-is-layout-flow\" style=\"flex-basis:66.66%\">\n<figure class=\"wp-block-table is-style-stripes\"><table><thead><tr><th>SY Rubikon<\/th><th><\/th><\/tr><\/thead><tbody><tr><td>Typ<\/td><td>Lagoon 400 S2<\/td><\/tr><tr><td>Werft<\/td><td>CNB, Frankreich<\/td><\/tr><tr><td>L\u00e4nge \u00fcber alles<\/td><td>11,97 m<\/td><\/tr><tr><td>L\u00e4nge Wasserlini<\/td><td>11,45 m<\/td><\/tr><tr><td>Breite \u00fcber alles<\/td><td>7,25 m<\/td><\/tr><tr><td>Tiefgang<\/td><td>1,21 m<\/td><\/tr><tr><td>Verdr\u00e4ngung<\/td><td>11,4 t<\/td><\/tr><tr><td>Masth\u00f6he<\/td><td>20,3 m<\/td><\/tr><tr><td>Frischwassertanks<\/td><td>600 l<\/td><\/tr><tr><td>Batteriekapazit\u00e4t <\/td><td>20 Ah<\/td><\/tr><tr><td>Motoren <\/td><td>2x 12 kW <br>elektrisch <\/td><\/tr><\/tbody><\/table><\/figure>\n\n\n\n<figure class=\"wp-block-table is-style-stripes\"><table><thead><tr><th><strong>Segelfl\u00e4che<\/strong><\/th><th><\/th><\/tr><\/thead><tbody><tr><td>Grosssegel, gelattet<\/td><td>60 m\u00b2<\/td><\/tr><tr><td>Genua, rollbar<\/td><td>28 m\u00b2<\/td><\/tr><tr><td>Code 0<\/td><td>75 m\u00b2<\/td><\/tr><tr><td>Gennaker<\/td><td>120 m\u00b2<\/td><\/tr><\/tbody><\/table><\/figure>\n\n\n\n<figure class=\"wp-block-table is-style-stripes\"><table><thead><tr><th><strong>Ausstattung<\/strong><\/th><th><\/th><\/tr><\/thead><tbody><tr><td>Watermaker<\/td><td>60 l\/h<\/td><\/tr><tr><td>Brotbackautomat<\/td><\/tr><tr><td>Espresso Maschine<\/td><\/tr><tr><td>Solarmodule<\/td><td>2,3 KW<\/td><\/tr><tr><td>Gro\u00dfes Dinghi<\/td><td>5 PS<\/td><\/tr><tr><td>Schnorchel Ausr\u00fcstung<\/td><\/tr><tr><td>Subwing<\/td><\/tr><tr><td>2er Kajak<\/td><\/tr><tr><td>Taucherausr\u00fcstung<\/td><td>gegen Aufpreis<\/td><\/tr><tr><td>Kiteausr\u00fcstung<\/td><td>gegen Aufpreis<\/td><\/tr><\/tbody><\/table><\/figure>\n\n\n\n<div style=\"height:100px\" aria-hidden=\"true\" class=\"wp-block-spacer\"><\/div>\n<\/div>\n\n\n\n<div class=\"wp-block-column is-layout-flow wp-block-column-is-layout-flow\" style=\"flex-basis:45%\">\n<div style=\"height:30px\" aria-hidden=\"true\" class=\"wp-block-spacer\"><\/div>\n\n\n\n<div class=\"wp-block-jetpack-tiled-gallery aligncenter is-style-columns\"><div class=\"tiled-gallery__gallery\"><div class=\"tiled-gallery__row\"><div class=\"tiled-gallery__col\" style=\"flex-basis:39.16043%\"><figure class=\"tiled-gallery__item\"><img decoding=\"async\" srcset=\"https:\/\/i0.wp.com\/sailwatersport.de\/wordpress\/wp-content\/uploads\/2023\/03\/DSCF0782-1024x683.jpg?strip=info&#038;w=600&#038;ssl=1 600w,https:\/\/i0.wp.com\/sailwatersport.de\/wordpress\/wp-content\/uploads\/2023\/03\/DSCF0782-1024x683.jpg?strip=info&#038;w=900&#038;ssl=1 900w,https:\/\/i0.wp.com\/sailwatersport.de\/wordpress\/wp-content\/uploads\/2023\/03\/DSCF0782-1024x683.jpg?strip=info&#038;w=1200&#038;ssl=1 1200w,https:\/\/i0.wp.com\/sailwatersport.de\/wordpress\/wp-content\/uploads\/2023\/03\/DSCF0782-1024x683.jpg?strip=info&#038;w=1500&#038;ssl=1 1500w,https:\/\/i0.wp.com\/sailwatersport.de\/wordpress\/wp-content\/uploads\/2023\/03\/DSCF0782-1024x683.jpg?strip=info&#038;w=1800&#038;ssl=1 1800w,https:\/\/i0.wp.com\/sailwatersport.de\/wordpress\/wp-content\/uploads\/2023\/03\/DSCF0782-1024x683.jpg?strip=info&#038;w=2000&#038;ssl=1 2000w\" alt=\"\" data-height=\"1707\" data-id=\"2456\" data-link=\"https:\/\/sailwatersport.de\/wordpress\/dscf0782\/\" data-url=\"https:\/\/sailwatersport.de\/wordpress\/wp-content\/uploads\/2023\/03\/DSCF0782-1024x683.jpg\" data-width=\"2560\" src=\"https:\/\/i0.wp.com\/sailwatersport.de\/wordpress\/wp-content\/uploads\/2023\/03\/DSCF0782-1024x683.jpg?ssl=1\" data-amp-layout=\"responsive\"\/><\/figure><figure class=\"tiled-gallery__item\"><img decoding=\"async\" srcset=\"https:\/\/i2.wp.com\/sailwatersport.de\/wordpress\/wp-content\/uploads\/2023\/03\/IMG_1778.jpg?strip=info&#038;w=600&#038;ssl=1 600w,https:\/\/i2.wp.com\/sailwatersport.de\/wordpress\/wp-content\/uploads\/2023\/03\/IMG_1778.jpg?strip=info&#038;w=640&#038;ssl=1 640w\" alt=\"\" data-height=\"480\" data-id=\"2545\" data-link=\"https:\/\/sailwatersport.de\/wordpress\/dcim100gopro\/\" data-url=\"https:\/\/sailwatersport.de\/wordpress\/wp-content\/uploads\/2023\/03\/IMG_1778.jpg\" data-width=\"640\" src=\"https:\/\/i2.wp.com\/sailwatersport.de\/wordpress\/wp-content\/uploads\/2023\/03\/IMG_1778.jpg?ssl=1\" data-amp-layout=\"responsive\"\/><\/figure><figure class=\"tiled-gallery__item\"><img decoding=\"async\" srcset=\"https:\/\/i1.wp.com\/sailwatersport.de\/wordpress\/wp-content\/uploads\/2023\/03\/Rubikon-Schraeg-vorne-edited-768x1024.jpg?strip=info&#038;w=600&#038;ssl=1 600w,https:\/\/i1.wp.com\/sailwatersport.de\/wordpress\/wp-content\/uploads\/2023\/03\/Rubikon-Schraeg-vorne-edited-768x1024.jpg?strip=info&#038;w=900&#038;ssl=1 900w,https:\/\/i1.wp.com\/sailwatersport.de\/wordpress\/wp-content\/uploads\/2023\/03\/Rubikon-Schraeg-vorne-edited-768x1024.jpg?strip=info&#038;w=1200&#038;ssl=1 1200w,https:\/\/i1.wp.com\/sailwatersport.de\/wordpress\/wp-content\/uploads\/2023\/03\/Rubikon-Schraeg-vorne-edited-768x1024.jpg?strip=info&#038;w=1500&#038;ssl=1 1500w,https:\/\/i1.wp.com\/sailwatersport.de\/wordpress\/wp-content\/uploads\/2023\/03\/Rubikon-Schraeg-vorne-edited-768x1024.jpg?strip=info&#038;w=1800&#038;ssl=1 1800w,https:\/\/i1.wp.com\/sailwatersport.de\/wordpress\/wp-content\/uploads\/2023\/03\/Rubikon-Schraeg-vorne-edited-768x1024.jpg?strip=info&#038;w=1920&#038;ssl=1 1920w\" alt=\"\" data-height=\"2560\" data-id=\"2161\" data-link=\"https:\/\/sailwatersport.de\/wordpress\/rubikon-schraeg-vorne\/\" data-url=\"https:\/\/sailwatersport.de\/wordpress\/wp-content\/uploads\/2023\/03\/Rubikon-Schraeg-vorne-edited-768x1024.jpg\" data-width=\"1920\" src=\"https:\/\/i1.wp.com\/sailwatersport.de\/wordpress\/wp-content\/uploads\/2023\/03\/Rubikon-Schraeg-vorne-edited-768x1024.jpg?ssl=1\" data-amp-layout=\"responsive\"\/><\/figure><figure class=\"tiled-gallery__item\"><img decoding=\"async\" srcset=\"https:\/\/i0.wp.com\/sailwatersport.de\/wordpress\/wp-content\/uploads\/2023\/03\/DSCF0637-683x1024.jpg?strip=info&#038;w=600&#038;ssl=1 600w,https:\/\/i0.wp.com\/sailwatersport.de\/wordpress\/wp-content\/uploads\/2023\/03\/DSCF0637-683x1024.jpg?strip=info&#038;w=900&#038;ssl=1 900w,https:\/\/i0.wp.com\/sailwatersport.de\/wordpress\/wp-content\/uploads\/2023\/03\/DSCF0637-683x1024.jpg?strip=info&#038;w=1200&#038;ssl=1 1200w,https:\/\/i0.wp.com\/sailwatersport.de\/wordpress\/wp-content\/uploads\/2023\/03\/DSCF0637-683x1024.jpg?strip=info&#038;w=1500&#038;ssl=1 1500w,https:\/\/i0.wp.com\/sailwatersport.de\/wordpress\/wp-content\/uploads\/2023\/03\/DSCF0637-683x1024.jpg?strip=info&#038;w=1707&#038;ssl=1 1707w\" alt=\"\" data-height=\"2560\" data-id=\"2450\" data-link=\"https:\/\/sailwatersport.de\/wordpress\/dscf0637\/\" data-url=\"https:\/\/sailwatersport.de\/wordpress\/wp-content\/uploads\/2023\/03\/DSCF0637-683x1024.jpg\" data-width=\"1707\" src=\"https:\/\/i0.wp.com\/sailwatersport.de\/wordpress\/wp-content\/uploads\/2023\/03\/DSCF0637-683x1024.jpg?ssl=1\" data-amp-layout=\"responsive\"\/><\/figure><\/div><div class=\"tiled-gallery__col\" style=\"flex-basis:60.83957%\"><figure class=\"tiled-gallery__item\"><img decoding=\"async\" srcset=\"https:\/\/i2.wp.com\/sailwatersport.de\/wordpress\/wp-content\/uploads\/2023\/03\/IMG_3281-1024x575.jpg?strip=info&#038;w=600&#038;ssl=1 600w,https:\/\/i2.wp.com\/sailwatersport.de\/wordpress\/wp-content\/uploads\/2023\/03\/IMG_3281-1024x575.jpg?strip=info&#038;w=900&#038;ssl=1 900w,https:\/\/i2.wp.com\/sailwatersport.de\/wordpress\/wp-content\/uploads\/2023\/03\/IMG_3281-1024x575.jpg?strip=info&#038;w=1200&#038;ssl=1 1200w,https:\/\/i2.wp.com\/sailwatersport.de\/wordpress\/wp-content\/uploads\/2023\/03\/IMG_3281-1024x575.jpg?strip=info&#038;w=1500&#038;ssl=1 1500w,https:\/\/i2.wp.com\/sailwatersport.de\/wordpress\/wp-content\/uploads\/2023\/03\/IMG_3281-1024x575.jpg?strip=info&#038;w=1800&#038;ssl=1 1800w,https:\/\/i2.wp.com\/sailwatersport.de\/wordpress\/wp-content\/uploads\/2023\/03\/IMG_3281-1024x575.jpg?strip=info&#038;w=2000&#038;ssl=1 2000w\" alt=\"\" data-height=\"1439\" data-id=\"2516\" data-link=\"https:\/\/sailwatersport.de\/wordpress\/img_3281\/\" data-url=\"https:\/\/sailwatersport.de\/wordpress\/wp-content\/uploads\/2023\/03\/IMG_3281-1024x575.jpg\" data-width=\"2560\" src=\"https:\/\/i2.wp.com\/sailwatersport.de\/wordpress\/wp-content\/uploads\/2023\/03\/IMG_3281-1024x575.jpg?ssl=1\" data-amp-layout=\"responsive\"\/><\/figure><figure class=\"tiled-gallery__item\"><img decoding=\"async\" srcset=\"https:\/\/i1.wp.com\/sailwatersport.de\/wordpress\/wp-content\/uploads\/2023\/03\/DSCF1340-683x1024.jpg?strip=info&#038;w=600&#038;ssl=1 600w,https:\/\/i1.wp.com\/sailwatersport.de\/wordpress\/wp-content\/uploads\/2023\/03\/DSCF1340-683x1024.jpg?strip=info&#038;w=900&#038;ssl=1 900w,https:\/\/i1.wp.com\/sailwatersport.de\/wordpress\/wp-content\/uploads\/2023\/03\/DSCF1340-683x1024.jpg?strip=info&#038;w=1200&#038;ssl=1 1200w,https:\/\/i1.wp.com\/sailwatersport.de\/wordpress\/wp-content\/uploads\/2023\/03\/DSCF1340-683x1024.jpg?strip=info&#038;w=1500&#038;ssl=1 1500w,https:\/\/i1.wp.com\/sailwatersport.de\/wordpress\/wp-content\/uploads\/2023\/03\/DSCF1340-683x1024.jpg?strip=info&#038;w=1707&#038;ssl=1 1707w\" alt=\"\" data-height=\"2560\" data-id=\"2457\" data-link=\"https:\/\/sailwatersport.de\/wordpress\/dscf1340\/\" data-url=\"https:\/\/sailwatersport.de\/wordpress\/wp-content\/uploads\/2023\/03\/DSCF1340-683x1024.jpg\" data-width=\"1707\" src=\"https:\/\/i1.wp.com\/sailwatersport.de\/wordpress\/wp-content\/uploads\/2023\/03\/DSCF1340-683x1024.jpg?ssl=1\" data-amp-layout=\"responsive\"\/><\/figure><figure class=\"tiled-gallery__item\"><img decoding=\"async\" srcset=\"https:\/\/i2.wp.com\/sailwatersport.de\/wordpress\/wp-content\/uploads\/2023\/03\/DSCF4664-1024x683.jpg?strip=info&#038;w=600&#038;ssl=1 600w,https:\/\/i2.wp.com\/sailwatersport.de\/wordpress\/wp-content\/uploads\/2023\/03\/DSCF4664-1024x683.jpg?strip=info&#038;w=900&#038;ssl=1 900w,https:\/\/i2.wp.com\/sailwatersport.de\/wordpress\/wp-content\/uploads\/2023\/03\/DSCF4664-1024x683.jpg?strip=info&#038;w=1200&#038;ssl=1 1200w,https:\/\/i2.wp.com\/sailwatersport.de\/wordpress\/wp-content\/uploads\/2023\/03\/DSCF4664-1024x683.jpg?strip=info&#038;w=1500&#038;ssl=1 1500w,https:\/\/i2.wp.com\/sailwatersport.de\/wordpress\/wp-content\/uploads\/2023\/03\/DSCF4664-1024x683.jpg?strip=info&#038;w=1800&#038;ssl=1 1800w,https:\/\/i2.wp.com\/sailwatersport.de\/wordpress\/wp-content\/uploads\/2023\/03\/DSCF4664-1024x683.jpg?strip=info&#038;w=2000&#038;ssl=1 2000w\" alt=\"\" data-height=\"1707\" data-id=\"2459\" data-link=\"https:\/\/sailwatersport.de\/wordpress\/dscf4664\/\" data-url=\"https:\/\/sailwatersport.de\/wordpress\/wp-content\/uploads\/2023\/03\/DSCF4664-1024x683.jpg\" data-width=\"2560\" src=\"https:\/\/i2.wp.com\/sailwatersport.de\/wordpress\/wp-content\/uploads\/2023\/03\/DSCF4664-1024x683.jpg?ssl=1\" data-amp-layout=\"responsive\"\/><\/figure><\/div><\/div><\/div><\/div>\n<\/div>\n<\/div>\n","protected":false},"excerpt":{"rendered":"<p>Die Rubikon, eine Lagoon 400 S2, ist das Herzst\u00fcck unseres kleinen Vereins. Ein top ausgestatteter Katamaran,mit allen m\u00f6glichen Komfort-, Vergn\u00fcgungs- und Sicherheitsausstattungen. Mit seinen Solarmodulen kommt es so gut wie nie zu einer Stromknappheit an Board. Der Watermaker&nbsp;sorgt f\u00fcr S\u00fc\u00dfwasser in ausreichenden [&hellip;]<\/p>\n","protected":false},"author":3,"featured_media":0,"parent":0,"menu_order":0,"comment_status":"closed","ping_status":"closed","template":"","meta":{"ngg_post_thumbnail":0,"footnotes":""},"class_list":["post-534","page","type-page","status-publish","hentry"],"jetpack_sharing_enabled":true,"_links":{"self":[{"href":"https:\/\/sailwatersport.de\/wordpress\/wp-json\/wp\/v2\/pages\/534","targetHints":{"allow":["GET"]}}],"collection":[{"href":"https:\/\/sailwatersport.de\/wordpress\/wp-json\/wp\/v2\/pages"}],"about":[{"href":"https:\/\/sailwatersport.de\/wordpress\/wp-json\/wp\/v2\/types\/page"}],"author":[{"embeddable":true,"href":"https:\/\/sailwatersport.de\/wordpress\/wp-json\/wp\/v2\/users\/3"}],"replies":[{"embeddable":true,"href":"https:\/\/sailwatersport.de\/wordpress\/wp-json\/wp\/v2\/comments?post=534"}],"version-history":[{"count":119,"href":"https:\/\/sailwatersport.de\/wordpress\/wp-json\/wp\/v2\/pages\/534\/revisions"}],"predecessor-version":[{"id":2721,"href":"https:\/\/sailwatersport.de\/wordpress\/wp-json\/wp\/v2\/pages\/534\/revisions\/2721"}],"wp:attachment":[{"href":"https:\/\/sailwatersport.de\/wordpress\/wp-json\/wp\/v2\/media?parent=534"}],"curies":[{"name":"wp","href":"https:\/\/api.w.org\/{rel}","templated":true}]}}