{"id":349,"date":"2016-07-04T20:15:54","date_gmt":"2016-07-04T18:15:54","guid":{"rendered":"http:\/\/sailwatersport.de\/?page_id=349"},"modified":"2023-03-13T07:44:47","modified_gmt":"2023-03-13T06:44:47","slug":"home","status":"publish","type":"page","link":"https:\/\/sailwatersport.de\/wordpress\/","title":{"rendered":"Willkommen beim Sail and Watersport e.V."},"content":{"rendered":"\n<figure class=\"wp-block-image alignright is-resized\"><img loading=\"lazy\" decoding=\"async\" src=\"http:\/\/sailwatersport.de\/wordpress\/wp-content\/uploads\/2016\/07\/Rubikon-seite-1024x683.jpg\" alt=\"\" class=\"wp-image-888\" width=\"839\" height=\"559\" srcset=\"https:\/\/sailwatersport.de\/wordpress\/wp-content\/uploads\/2016\/07\/Rubikon-seite-1024x683.jpg 1024w, https:\/\/sailwatersport.de\/wordpress\/wp-content\/uploads\/2016\/07\/Rubikon-seite-300x200.jpg 300w, https:\/\/sailwatersport.de\/wordpress\/wp-content\/uploads\/2016\/07\/Rubikon-seite-768x512.jpg 768w, https:\/\/sailwatersport.de\/wordpress\/wp-content\/uploads\/2016\/07\/Rubikon-seite-1800x1200.jpg 1800w, https:\/\/sailwatersport.de\/wordpress\/wp-content\/uploads\/2016\/07\/Rubikon-seite-272x182.jpg 272w\" sizes=\"auto, (max-width: 839px) 100vw, 839px\" \/><figcaption class=\"wp-element-caption\"><em>Die Rubikon, Katamaran Lagoon 400 S<\/em>2<\/figcaption><\/figure>\n\n\n\n<p>Der Sail and Watersport e.V. ist ein Verein mit mehr als 100 Mitgliedern, die Spa\u00df am Segeln, Sightseeing, Buchteln, Sonnenbaden und vielem mehr haben. Auf der Rubikon werden regelm\u00e4\u00dfig T\u00f6rns durch das Mittelmeer und die Karibik unternommen. Wer sich fr\u00fch genug in die Planung einbringt, kann an der Gestaltung der einzelnen T\u00f6rns mitwirken.<\/p>\n\n\n\n<p>Grunds\u00e4tzlich kann jeder mit einer normalen k\u00f6rperlichen Konstitution an einem T\u00f6rn teilnehmen &#8211; egal ob ein Segelschein vorhanden ist oder nicht. Es muss nur mindestens ein Teilnehmer des T\u00f6rns \u00fcber einen g\u00fcltigen Schein verf\u00fcgen, denn neben Erfahrung geh\u00f6ren auch gute Kenntnisse der Technik und der Navigation zu den Grundvorraussetzungen f\u00fcr einen erfolgreichen T\u00f6rn. Wer \u00fcber keinen eigenen Segelschein verf\u00fcgt, kann an einem der vom Verein organisierten T\u00f6rns teilnehmen und so Segelerfahrung sammeln.<\/p>\n\n\n\n<p>Der Verein hat jedes Jahr mehrere T\u00f6rns mit freien Pl\u00e4tzen zur Verf\u00fcgung. Die An- und Abreise der Mitsegler erfolgt in eigener Regie. Nat\u00fcrlich sind auch T\u00f6rns au\u00dferhalb der Vereinsorganisation m\u00f6glich indem Vereinsmitglieder eigene Ideen verwirklichen. Jedoch sei an dieser Stelle erw\u00e4hnt, dass die Rubikon nur&nbsp;an Vereinsmitglieder vergeben wird und auch nur Vereinsmitglieder mitsegeln k\u00f6nnen. Crewwechsel werden in H\u00e4fen mit nahegelegenem Flughafen durchgef\u00fchrt, sodass eine Anreise innerhalb eines Tages m\u00f6glich ist.<\/p>\n\n\n\n<p>Um Vereinsmitglied zu werden stellst du einen einfachen Antrag. Wir erheben nur geringe Jahresbeitr\u00e4ge und keine Aufnahmegeb\u00fchren. Ein Austritt aus unserem Verein ist jeweils zum Jahresende m\u00f6glich. Hier findest du alle wichtigen Infos: <a rel=\"noreferrer noopener\" href=\"https:\/\/sailwatersport.de\/wordpress\/download\/\" target=\"_blank\">Downloads<\/a><\/p>\n","protected":false},"excerpt":{"rendered":"<p>Der Sail and Watersport e.V. ist ein Verein mit mehr als 100 Mitgliedern, die Spa\u00df am Segeln, Sightseeing, Buchteln, Sonnenbaden und vielem mehr haben. Auf der Rubikon werden regelm\u00e4\u00dfig T\u00f6rns durch das Mittelmeer und die Karibik unternommen. Wer sich fr\u00fch genug in [&hellip;]<\/p>\n","protected":false},"author":3,"featured_media":2365,"parent":0,"menu_order":0,"comment_status":"closed","ping_status":"closed","template":"","meta":{"ngg_post_thumbnail":0,"footnotes":""},"class_list":["post-349","page","type-page","status-publish","has-post-thumbnail","hentry"],"jetpack_sharing_enabled":true,"_links":{"self":[{"href":"https:\/\/sailwatersport.de\/wordpress\/wp-json\/wp\/v2\/pages\/349","targetHints":{"allow":["GET"]}}],"collection":[{"href":"https:\/\/sailwatersport.de\/wordpress\/wp-json\/wp\/v2\/pages"}],"about":[{"href":"https:\/\/sailwatersport.de\/wordpress\/wp-json\/wp\/v2\/types\/page"}],"author":[{"embeddable":true,"href":"https:\/\/sailwatersport.de\/wordpress\/wp-json\/wp\/v2\/users\/3"}],"replies":[{"embeddable":true,"href":"https:\/\/sailwatersport.de\/wordpress\/wp-json\/wp\/v2\/comments?post=349"}],"version-history":[{"count":42,"href":"https:\/\/sailwatersport.de\/wordpress\/wp-json\/wp\/v2\/pages\/349\/revisions"}],"predecessor-version":[{"id":2724,"href":"https:\/\/sailwatersport.de\/wordpress\/wp-json\/wp\/v2\/pages\/349\/revisions\/2724"}],"wp:featuredmedia":[{"embeddable":true,"href":"https:\/\/sailwatersport.de\/wordpress\/wp-json\/wp\/v2\/media\/2365"}],"wp:attachment":[{"href":"https:\/\/sailwatersport.de\/wordpress\/wp-json\/wp\/v2\/media?parent=349"}],"curies":[{"name":"wp","href":"https:\/\/api.w.org\/{rel}","templated":true}]}}